{"id":341,"date":"2022-11-30T17:12:18","date_gmt":"2022-11-30T22:12:18","guid":{"rendered":"https:\/\/vibeke.life\/?page_id=341"},"modified":"2023-07-13T10:34:21","modified_gmt":"2023-07-13T15:34:21","slug":"find-clarity","status":"publish","type":"page","link":"https:\/\/vibeke.life\/fr\/find-clarity\/","title":{"rendered":"\u00c9claircissez votre vision"},"content":{"rendered":"<div class=\"wp-block-image\">\n<figure class=\"aligncenter size-large is-resized\"><img decoding=\"async\" data-src=\"https:\/\/vibeke.life\/wp-content\/uploads\/2022\/12\/qtq80-050Xgu-1024x678.jpeg\" alt=\"Find Clarity, move forward, authentic self, Confusion to clarity\" class=\"wp-image-531 lazyload\" width=\"512\" height=\"339\" data-srcset=\"https:\/\/vibeke.life\/wp-content\/uploads\/2022\/12\/qtq80-050Xgu-1024x678.jpeg 1024w, https:\/\/vibeke.life\/wp-content\/uploads\/2022\/12\/qtq80-050Xgu-300x199.jpeg 300w, https:\/\/vibeke.life\/wp-content\/uploads\/2022\/12\/qtq80-050Xgu-768x509.jpeg 768w, https:\/\/vibeke.life\/wp-content\/uploads\/2022\/12\/qtq80-050Xgu-1536x1017.jpeg 1536w, https:\/\/vibeke.life\/wp-content\/uploads\/2022\/12\/qtq80-050Xgu-2048x1357.jpeg 2048w\" data-sizes=\"(max-width: 512px) 100vw, 512px\" src=\"data:image\/svg+xml;base64,PHN2ZyB3aWR0aD0iMSIgaGVpZ2h0PSIxIiB4bWxucz0iaHR0cDovL3d3dy53My5vcmcvMjAwMC9zdmciPjwvc3ZnPg==\" style=\"--smush-placeholder-width: 512px; --smush-placeholder-aspect-ratio: 512\/339;\" \/><\/figure>\n<\/div>\n\n\n<h2 class=\"wp-block-heading\">Ces affirmations vous semblent-elles famili\u00e8res ?<\/h2>\n\n\n\n<p class=\"has-background\" style=\"background-color:#d7fdf2;padding-top:var(--wp--preset--spacing--50);padding-right:var(--wp--preset--spacing--50);padding-bottom:var(--wp--preset--spacing--50);padding-left:var(--wp--preset--spacing--50);line-height:2\">\u2743<strong> Je ne sais pas quelles sont mes passions.<\/strong>.<br>\u2743 <strong>J\u2019ai une d\u00e9cision \u00e0 prendre et je suis d\u00e9chir\u00e9(e).<\/strong><br>\u2743 <strong>J\u2019ai plusieurs offres d\u2019emploi et je ne sais pas laquelle accepter.<\/strong><br>\u2743 <strong>J\u2019h\u00e9site entre deux domaines d\u2019\u00e9tudes diff\u00e9rents.<\/strong><br>\u2743 <strong>Je suis \u00e0 un carrefour dans ma vie.<\/strong><\/p>\n\n\n\n<p>Nous avons tendance \u00e0 prendre la plupart de nos d\u00e9cisions en utilisant notre intellect plut\u00f4t que notre c\u0153ur. Cela peut \u00eatre bien dans certaines situations, comme lorsque vous ignorez votre envie de manger un cheeseburger et des frites, et que vous choisissez plut\u00f4t d\u2019\u00e9couter votre intellect et d\u2019opter pour quelque chose de plus sain.  <\/p>\n\n\n\n<p>Mais pour la plupart des grandes d\u00e9cisions de la vie, vous vous rendriez un grand service en suivant votre c\u0153ur. En effet, votre intellect est totalement biais\u00e9 ! Il rationalise une d\u00e9cision en se basant sur des situations pass\u00e9es (dans votre subconscient) qui ne sont plus pertinentes pour vous !<\/p>\n\n\n\n<div class=\"wp-block-group\"><div class=\"wp-block-group__inner-container is-layout-constrained wp-block-group-is-layout-constrained\">\n<h2 class=\"wp-block-heading\">En travaillant avec moi pour \u00e9claircir votre vision, vous pouvez vous attendre \u00e0 :<\/h2>\n\n\n\n<p class=\"has-light-green-cyan-background-color has-background\" style=\"font-size:18px;line-height:2\"><strong>\u2714 \u00catre confiant(e) de prendre la bonne d\u00e9cision.<\/strong><br><strong><strong>\u2714 Naviguer les carrefours de votre vie avec plus de facilit\u00e9.<\/strong><br>\u2714 Acqu\u00e9rir une compr\u00e9hension claire des processus que votre cerveau utilise pour vous convaincre du \u201cmauvais\u201d choix.<\/strong><\/p>\n<\/div><\/div>\n\n\n\n<p>Pendant notre session gratuite ensemble, j\u2019approfondirai comment notre intellect peut nous saboter et comment nous pouvons contourner notre intellect. En fin de compte, nous bouclerons la boucle et vous pourrez m\u00eame utiliser votre intellect pour valider avec certitude que la d\u00e9cision que vous prenez est la bonne.<\/p>\n\n\n\n<blockquote class=\"wp-block-quote is-layout-flow wp-block-quote-is-layout-flow\">\n<p>\u00ab Il y a peu de choses plus puissantes qu\u2019une vie v\u00e9cue avec une clart\u00e9 passionn\u00e9e. \u00bb<\/p>\n<cite>Erwin McManus<\/cite><\/blockquote>","protected":false},"excerpt":{"rendered":"<p>Do any of these statements sound familiar? \u2743 I don&#8217;t know what my passions are.\u2743 I have a decision to make and I&#8217;m torn.\u2743 I have a couple of job offers and I don\u2019t know which one to take.\u2743 I am debating between two different fields of study.\u2743 I am at a crossroads in my&#8230;<\/p>","protected":false},"author":1,"featured_media":0,"parent":0,"menu_order":0,"comment_status":"closed","ping_status":"closed","template":"","meta":{"content-type":"","inline_featured_image":false,"_kad_post_transparent":"","_kad_post_title":"","_kad_post_layout":"right","_kad_post_sidebar_id":"sidebar-primary","_kad_post_content_style":"","_kad_post_vertical_padding":"","_kad_post_feature":"","_kad_post_feature_position":"","_kad_post_header":false,"_kad_post_footer":false,"_kad_post_classname":"","footnotes":""},"class_list":["post-341","page","type-page","status-publish","hentry"],"_links":{"self":[{"href":"https:\/\/vibeke.life\/fr\/wp-json\/wp\/v2\/pages\/341","targetHints":{"allow":["GET"]}}],"collection":[{"href":"https:\/\/vibeke.life\/fr\/wp-json\/wp\/v2\/pages"}],"about":[{"href":"https:\/\/vibeke.life\/fr\/wp-json\/wp\/v2\/types\/page"}],"author":[{"embeddable":true,"href":"https:\/\/vibeke.life\/fr\/wp-json\/wp\/v2\/users\/1"}],"replies":[{"embeddable":true,"href":"https:\/\/vibeke.life\/fr\/wp-json\/wp\/v2\/comments?post=341"}],"version-history":[{"count":11,"href":"https:\/\/vibeke.life\/fr\/wp-json\/wp\/v2\/pages\/341\/revisions"}],"predecessor-version":[{"id":860,"href":"https:\/\/vibeke.life\/fr\/wp-json\/wp\/v2\/pages\/341\/revisions\/860"}],"wp:attachment":[{"href":"https:\/\/vibeke.life\/fr\/wp-json\/wp\/v2\/media?parent=341"}],"curies":[{"name":"wp","href":"https:\/\/api.w.org\/{rel}","templated":true}]}}