{"id":339,"date":"2022-11-30T17:12:05","date_gmt":"2022-11-30T22:12:05","guid":{"rendered":"https:\/\/vibeke.life\/?page_id=339"},"modified":"2023-07-13T10:00:41","modified_gmt":"2023-07-13T15:00:41","slug":"inner-peace-confidence","status":"publish","type":"page","link":"https:\/\/vibeke.life\/fr\/inner-peace-confidence\/","title":{"rendered":"Paix int\u00e9rieure et confiance en soi"},"content":{"rendered":"<div class=\"wp-block-image\">\n<figure class=\"aligncenter size-large is-resized\"><img decoding=\"async\" data-src=\"https:\/\/vibeke.life\/wp-content\/uploads\/2022\/11\/qtq80-apysbr-1024x683.jpeg\" alt=\"Inner Peace, Confidence, Self Confidence\" class=\"wp-image-191 lazyload\" width=\"512\" height=\"342\" data-srcset=\"https:\/\/vibeke.life\/wp-content\/uploads\/2022\/11\/qtq80-apysbr-1024x683.jpeg 1024w, https:\/\/vibeke.life\/wp-content\/uploads\/2022\/11\/qtq80-apysbr-300x200.jpeg 300w, https:\/\/vibeke.life\/wp-content\/uploads\/2022\/11\/qtq80-apysbr-768x512.jpeg 768w, https:\/\/vibeke.life\/wp-content\/uploads\/2022\/11\/qtq80-apysbr.jpeg 1254w\" data-sizes=\"(max-width: 512px) 100vw, 512px\" src=\"data:image\/svg+xml;base64,PHN2ZyB3aWR0aD0iMSIgaGVpZ2h0PSIxIiB4bWxucz0iaHR0cDovL3d3dy53My5vcmcvMjAwMC9zdmciPjwvc3ZnPg==\" style=\"--smush-placeholder-width: 512px; --smush-placeholder-aspect-ratio: 512\/342;\" \/><\/figure>\n<\/div>\n\n\n<h2 class=\"wp-block-heading\">Ces affirmations vous semblent-elles famili\u00e8res ?<\/h2>\n\n\n\n<p class=\"has-background\" style=\"background-color:#d7fdf2;padding-top:var(--wp--preset--spacing--50);padding-right:var(--wp--preset--spacing--50);padding-bottom:var(--wp--preset--spacing--50);padding-left:var(--wp--preset--spacing--50);line-height:2\">\u2743<strong> J\u2019ai du mal \u00e0 dire non. J\u2019accepte souvent des choses que je ne veux pas vraiment faire.<\/strong><br>\u2743 <strong>Je suis nerveux\/nerveuse \u00e0 l\u2019id\u00e9e de parler en public.<\/strong>.<br>\u2743 <strong>Je suis souvent anxieux\/anxieuse et dispers\u00e9(e).<\/strong><br>\u2743 <strong>Je doute de mes capacit\u00e9s.<\/strong><br>\u2743 <strong>J\u2019ai du mal \u00e0 prendre des d\u00e9cisions.<\/strong>.<br>\u2743 <strong>J\u2019ai parfois l\u2019impression de d\u00e9cevoir les gens.<\/strong><br>\u2743 <strong>Je me soucie de ce que mes amis, ma famille et mes coll\u00e8gues pensent de moi.<\/strong><br>\u2743 <strong>Je me sens comme un imposteur ou j\u2019ai le syndrome de l\u2019imposteur.<\/strong><\/p>\n\n\n\n<p>Vous ne vous identifiez peut-\u00eatre pas \u00e0 toutes ces affirmations, mais m\u00eame si vous avez r\u00e9pondu oui \u00e0 deux d\u2019entre elles, je peux vous aider !<\/p>\n\n\n\n<p>Devenir confiant(e) sans effort EST tout \u00e0 fait \u00e0 votre port\u00e9e !<\/p>\n\n\n\n<div class=\"wp-block-group\"><div class=\"wp-block-group__inner-container is-layout-constrained wp-block-group-is-layout-constrained\">\n<h2 class=\"wp-block-heading\">En travaillant avec moi sur la Paix Int\u00e9rieure &amp; la Confiance en Soi, vous pouvez vous attendre \u00e0 :<\/h2>\n\n\n\n<p class=\"has-light-green-cyan-background-color has-background\" style=\"font-size:18px;line-height:2\"><strong>\u2714 \u00catre lib\u00e9r\u00e9(e) de croyances subconscientes qui ne vous servent pas.<\/strong><br><strong><strong>\u2714 Reprendre le contr\u00f4le de votre vie.<\/strong><br>\u2714 Prendre toutes sortes de d\u00e9cisions avec aisance.<br>\u2714 Am\u00e9liorer vos relations interpersonnelles.<br>\u2714 G\u00e9rer les situations difficiles avec plus de facilit\u00e9.<br>\u2714 Gagner en confiance et en assurance.<br>\u2714 \u00catre en alignement avec votre moi authentique et \u00e9prouver la paix int\u00e9rieure.<\/strong><\/p>\n\n\n\n<p>Je travaillerai avec vous pour d\u00e9couvrir et \u00e9liminer les blocages dans votre subconscient qui vous emp\u00eachent d'\u00eatre la version la plus confiante et assur\u00e9e de vous-m\u00eame.&nbsp;<\/p>\n\n\n\n<p>Je partagerai avec vous des outils et des exercices qui vous donneront du pouvoir \u00e0 de nombreux niveaux et vous aideront \u00e0 instiller la paix en vous. Attendez-vous \u00e0 un changement durable !<\/p>\n\n\n\n<p>Nous veillerons \u00e9galement \u00e0 ce que vous soyez en alignement avec vos valeurs fondamentales et vos vrais d\u00e9sirs. Si ce n\u2019est pas le cas, pas de probl\u00e8me, je vous aiderai \u00e0 y parvenir aussi !\u00a0<\/p>\n\n\n\n<p>Bien que les circonstances de chacun soient diff\u00e9rentes, soyez assur\u00e9(e) que les s\u00e9ances seront adapt\u00e9es \u00e0 votre situation sp\u00e9cifique. Je vous guiderai \u00e0 travers une formule \u00e9prouv\u00e9e qui non seulement clarifiera pourquoi vous vous sentez ainsi, mais changera \u00e9galement compl\u00e8tement votre \u00e9tat d\u2019esprit ainsi que votre perception de vous-m\u00eame et de votre vie.<\/p>\n\n\n\n<blockquote class=\"wp-block-quote is-layout-flow wp-block-quote-is-layout-flow\">\n<p>\u00ab Si tu ne trouves pas la paix en toi-m\u00eame, tu ne la trouveras nulle part ailleurs. \u00bb<\/p>\n<cite>&#8211; Marvin Gaye<\/cite><\/blockquote>\n<\/div><\/div>","protected":false},"excerpt":{"rendered":"<p>Do any of these statements sound familiar? \u2743 It&#8217;s hard for me to say no. I often agree to things that I don&#8217;t really want to do.\u2743 I am nervous about public speaking.\u2743 I am often anxious and scattered.\u2743 I doubt my abilities.\u2743 I have trouble making decisions.\u2743 I sometimes feel that I&#8217;m letting people&#8230;<\/p>","protected":false},"author":1,"featured_media":0,"parent":0,"menu_order":0,"comment_status":"closed","ping_status":"closed","template":"","meta":{"content-type":"","inline_featured_image":false,"_kad_post_transparent":"","_kad_post_title":"","_kad_post_layout":"right","_kad_post_sidebar_id":"sidebar-primary","_kad_post_content_style":"","_kad_post_vertical_padding":"","_kad_post_feature":"","_kad_post_feature_position":"","_kad_post_header":false,"_kad_post_footer":false,"_kad_post_classname":"","footnotes":""},"class_list":["post-339","page","type-page","status-publish","hentry"],"_links":{"self":[{"href":"https:\/\/vibeke.life\/fr\/wp-json\/wp\/v2\/pages\/339","targetHints":{"allow":["GET"]}}],"collection":[{"href":"https:\/\/vibeke.life\/fr\/wp-json\/wp\/v2\/pages"}],"about":[{"href":"https:\/\/vibeke.life\/fr\/wp-json\/wp\/v2\/types\/page"}],"author":[{"embeddable":true,"href":"https:\/\/vibeke.life\/fr\/wp-json\/wp\/v2\/users\/1"}],"replies":[{"embeddable":true,"href":"https:\/\/vibeke.life\/fr\/wp-json\/wp\/v2\/comments?post=339"}],"version-history":[{"count":17,"href":"https:\/\/vibeke.life\/fr\/wp-json\/wp\/v2\/pages\/339\/revisions"}],"predecessor-version":[{"id":853,"href":"https:\/\/vibeke.life\/fr\/wp-json\/wp\/v2\/pages\/339\/revisions\/853"}],"wp:attachment":[{"href":"https:\/\/vibeke.life\/fr\/wp-json\/wp\/v2\/media?parent=339"}],"curies":[{"name":"wp","href":"https:\/\/api.w.org\/{rel}","templated":true}]}}