{"id":29,"date":"2022-11-08T12:14:25","date_gmt":"2022-11-08T17:14:25","guid":{"rendered":"https:\/\/vibeke.life\/contact\/"},"modified":"2023-07-12T15:33:11","modified_gmt":"2023-07-12T20:33:11","slug":"free-consultation","status":"publish","type":"page","link":"https:\/\/vibeke.life\/fr\/free-consultation\/","title":{"rendered":"Schedule a Free Consultation"},"content":{"rendered":"<h1 class=\"wp-block-heading has-text-align-center\">La premi\u00e8re s\u00e9ance est gratuite.<\/h1>\n\n\n\n<div class=\"wp-block-columns is-layout-flex wp-container-core-columns-is-layout-9d6595d7 wp-block-columns-is-layout-flex\">\n<div class=\"wp-block-column is-layout-flow wp-block-column-is-layout-flow\"><\/div>\n<\/div>\n\n\n\n<div class=\"wp-block-columns is-layout-flex wp-container-core-columns-is-layout-9d6595d7 wp-block-columns-is-layout-flex\">\n<div class=\"wp-block-column is-layout-flow wp-block-column-is-layout-flow\" style=\"flex-basis:66.66%\">\n<p>Planifiez une consultation GRATUITE o\u00f9 :<\/p>\n\n\n\n<ul class=\"wp-block-list\">\n<li>Nous discuterons de vos objectifs et d\u00e9fis.<\/li>\n\n\n\n<li>Je vous expliquerai exactement comment je peux vous aider.<\/li>\n\n\n\n<li>Nous verrons si nous sommes un bon match.<\/li>\n<\/ul>\n<\/div>\n\n\n\n<div class=\"wp-block-column is-layout-flow wp-block-column-is-layout-flow\" style=\"flex-basis:33.33%\">\n<div class=\"forminator-guttenberg\"><div class=\"forminator-ui forminator-custom-form forminator-custom-form-55\" data-forminator-render=\"0\" data-form=\"forminator-module-55\" data-uid=\"69f0cff0c3a95\"><br\/><\/div><form\n\t\t\t\tid=\"forminator-module-55\"\n\t\t\t\tclass=\"forminator-ui forminator-custom-form forminator-custom-form-55\"\n\t\t\t\tmethod=\"post\"\n\t\t\t\tdata-forminator-render=\"0\"\n\t\t\t\tdata-form-id=\"55\"\n\t\t\t\t data-color-option=\"default\" data-design=\"none\" data-grid=\"open\" style=\"display: none;\"\n\t\t\t\tdata-uid=\"69f0cff0c3a95\" action=\"\"\n\t\t\t><div role=\"alert\" aria-live=\"polite\" class=\"forminator-response-message forminator-error\" aria-hidden=\"true\"><\/div><div class=\"forminator-row\"><div id=\"name-1\" class=\"forminator-field-name forminator-col forminator-col-12\"><div class=\"forminator-field\"><input type=\"text\" name=\"name-1\" value=\"\" placeholder=\"Pr\u00e9nom\" id=\"forminator-field-name-1_69f0cff0c3a95\" class=\"forminator-input forminator-name--field\" aria-required=\"true\" autocomplete=\"name\" \/><\/div><\/div><\/div><div class=\"forminator-row\"><div id=\"email-1\" class=\"forminator-field-email forminator-col forminator-col-12\"><div class=\"forminator-field\"><input type=\"email\" name=\"email-1\" value=\"\" placeholder=\"e-mail\" id=\"forminator-field-email-1_69f0cff0c3a95\" class=\"forminator-input forminator-email--field\" data-required=\"true\" aria-required=\"true\" autocomplete=\"email\" \/><\/div><\/div><\/div><div class=\"forminator-row\"><div id=\"phone-1\" class=\"forminator-field-phone forminator-col forminator-col-12\"><div class=\"forminator-field\"><input type=\"text\" name=\"phone-1\" value=\"\" placeholder=\"T\u00e9l\u00e9phone\" id=\"forminator-field-phone-1_69f0cff0c3a95\" class=\"forminator-input forminator-field--phone\" data-required=\"1\" aria-required=\"true\" autocomplete=\"off\" data-national_mode=\"disabled\" data-country=\"us\" data-validation=\"international\" \/><\/div><\/div><\/div><input type=\"hidden\" name=\"referer_url\" value=\"\" \/><div class=\"forminator-row forminator-row-last\"><div class=\"forminator-col\"><div class=\"forminator-field\"><button class=\"forminator-button forminator-button-submit\">Soumettre<\/button><\/div><\/div><\/div><input type=\"hidden\" id=\"forminator_nonce\" name=\"forminator_nonce\" value=\"3480f31ddf\" \/><input type=\"hidden\" name=\"_wp_http_referer\" value=\"\/fr\/wp-json\/wp\/v2\/pages\/29\" \/><input type=\"hidden\" name=\"form_id\" value=\"55\"><input type=\"hidden\" name=\"page_id\" value=\"29\"><input type=\"hidden\" name=\"form_type\" value=\"default\"><input type=\"hidden\" name=\"current_url\" value=\"https:\/\/vibeke.life\/fr\/free-consultation\/\"><input type=\"hidden\" name=\"render_id\" value=\"0\"><input type=\"hidden\" name=\"action\" value=\"forminator_submit_form_custom-forms\"><label for=\"input_4\" class=\"forminator-hidden\" aria-hidden=\"true\">Please do not fill in this field. <input id=\"input_4\" type=\"text\" name=\"input_4\" value=\"\" autocomplete=\"off\"><\/label><input type=\"hidden\" name=\"trp-form-language\" value=\"fr\"\/><\/form><\/div>\n\n\n\n<p>Votre vie priv\u00e9e est prot\u00e9g\u00e9e.<\/p>\n<\/div>\n<\/div>\n\n\n\n<figure class=\"wp-block-pullquote\"><blockquote><p>\"Vous n'avez pas besoin de voir tout l'escalier, faites simplement le premier pas.\"<\/p><cite>\u2013 Martin Luther King Jr.<\/cite><\/blockquote><\/figure>","protected":false},"excerpt":{"rendered":"<p>The first session is free. Schedule a FREE consultation where: Your Privacy is protected. &#8220;You don&#8217;t have to see the whole staircase; just take the first step.&#8221; &#8211; Martin Luther King Jr.<\/p>","protected":false},"author":1,"featured_media":0,"parent":0,"menu_order":0,"comment_status":"closed","ping_status":"closed","template":"","meta":{"content-type":"","inline_featured_image":false,"_kad_post_transparent":"","_kad_post_title":"hide","_kad_post_layout":"","_kad_post_sidebar_id":"","_kad_post_content_style":"","_kad_post_vertical_padding":"","_kad_post_feature":"","_kad_post_feature_position":"","_kad_post_header":false,"_kad_post_footer":false,"_kad_post_classname":"","footnotes":""},"class_list":["post-29","page","type-page","status-publish","hentry"],"_links":{"self":[{"href":"https:\/\/vibeke.life\/fr\/wp-json\/wp\/v2\/pages\/29","targetHints":{"allow":["GET"]}}],"collection":[{"href":"https:\/\/vibeke.life\/fr\/wp-json\/wp\/v2\/pages"}],"about":[{"href":"https:\/\/vibeke.life\/fr\/wp-json\/wp\/v2\/types\/page"}],"author":[{"embeddable":true,"href":"https:\/\/vibeke.life\/fr\/wp-json\/wp\/v2\/users\/1"}],"replies":[{"embeddable":true,"href":"https:\/\/vibeke.life\/fr\/wp-json\/wp\/v2\/comments?post=29"}],"version-history":[{"count":34,"href":"https:\/\/vibeke.life\/fr\/wp-json\/wp\/v2\/pages\/29\/revisions"}],"predecessor-version":[{"id":1387,"href":"https:\/\/vibeke.life\/fr\/wp-json\/wp\/v2\/pages\/29\/revisions\/1387"}],"wp:attachment":[{"href":"https:\/\/vibeke.life\/fr\/wp-json\/wp\/v2\/media?parent=29"}],"curies":[{"name":"wp","href":"https:\/\/api.w.org\/{rel}","templated":true}]}}