{"id":252,"date":"2022-11-25T12:43:33","date_gmt":"2022-11-25T17:43:33","guid":{"rendered":"https:\/\/vibeke.life\/?page_id=252"},"modified":"2024-07-24T21:04:07","modified_gmt":"2024-07-25T02:04:07","slug":"services","status":"publish","type":"page","link":"https:\/\/vibeke.life\/fr\/services\/","title":{"rendered":"Services"},"content":{"rendered":"<div class=\"wp-block-columns alignfull has-theme-palette-9-background-color has-background is-layout-flex wp-container-core-columns-is-layout-ace7ab8c wp-block-columns-is-layout-flex\" style=\"padding-top:var(--wp--preset--spacing--60);padding-right:var(--wp--preset--spacing--60);padding-bottom:var(--wp--preset--spacing--60);padding-left:var(--wp--preset--spacing--60)\">\n<div class=\"wp-block-column has-yellow-background-color has-background is-layout-flow wp-block-column-is-layout-flow\" style=\"padding-top:var(--wp--preset--spacing--50);padding-right:var(--wp--preset--spacing--50);padding-bottom:var(--wp--preset--spacing--50);padding-left:var(--wp--preset--spacing--50)\">\n<figure class=\"wp-block-image size-large\"><a href=\"https:\/\/vibeke.life\/fr\/shift-your-career\/\"><img decoding=\"async\" width=\"1024\" height=\"683\" data-src=\"https:\/\/vibeke.life\/wp-content\/uploads\/2022\/12\/qtq80-z1LnCd-1024x683.jpeg\" alt=\"Career Reorientation\" class=\"wp-image-533 lazyload\" data-srcset=\"https:\/\/vibeke.life\/wp-content\/uploads\/2022\/12\/qtq80-z1LnCd-1024x683.jpeg 1024w, https:\/\/vibeke.life\/wp-content\/uploads\/2022\/12\/qtq80-z1LnCd-300x200.jpeg 300w, https:\/\/vibeke.life\/wp-content\/uploads\/2022\/12\/qtq80-z1LnCd-768x513.jpeg 768w, https:\/\/vibeke.life\/wp-content\/uploads\/2022\/12\/qtq80-z1LnCd.jpeg 1254w\" data-sizes=\"(max-width: 1024px) 100vw, 1024px\" src=\"data:image\/svg+xml;base64,PHN2ZyB3aWR0aD0iMSIgaGVpZ2h0PSIxIiB4bWxucz0iaHR0cDovL3d3dy53My5vcmcvMjAwMC9zdmciPjwvc3ZnPg==\" style=\"--smush-placeholder-width: 1024px; --smush-placeholder-aspect-ratio: 1024\/683;\" \/><\/a><\/figure>\n\n\n\n<h2 class=\"wp-block-heading\" style=\"font-size:30px\"><strong><a href=\"https:\/\/vibeke.life\/fr\/shift-your-career\/\">R\u00e9orientation professionnelle<\/a><\/strong><\/h2>\n\n\n\n<hr class=\"wp-block-separator has-alpha-channel-opacity is-style-wide is-style-default\"\/>\n\n\n\n<p>\u2714 Trouvez votre vocation<br \/>\u2714 Attirez votre emploi id\u00e9al<br \/>\u2714 Faites un changement de carri\u00e8re<\/p>\n\n\n\n<div class=\"wp-block-buttons is-content-justification-left is-layout-flex wp-container-core-buttons-is-layout-fdcfc74e wp-block-buttons-is-layout-flex\">\n<div class=\"wp-block-button aligncenter is-style-outline is-style-outline--1\"><a class=\"wp-block-button__link wp-element-button\" href=\"https:\/\/vibeke.life\/fr\/shift-your-career\/\">En savoir plus...<\/a><\/div>\n<\/div>\n<\/div>\n\n\n\n<div class=\"wp-block-column has-purple-background-color has-background is-layout-flow wp-block-column-is-layout-flow\" style=\"padding-top:var(--wp--preset--spacing--50);padding-right:var(--wp--preset--spacing--50);padding-bottom:var(--wp--preset--spacing--50);padding-left:var(--wp--preset--spacing--50)\">\n<figure class=\"wp-block-image size-large\"><a href=\"https:\/\/vibeke.life\/fr\/inner-peace-confidence\/\"><img decoding=\"async\" width=\"1024\" height=\"683\" data-src=\"https:\/\/vibeke.life\/wp-content\/uploads\/2022\/11\/qtq80-apysbr-1024x683.jpeg\" alt=\"Inner Peace &amp; Confidence\" class=\"wp-image-191 lazyload\" data-srcset=\"https:\/\/vibeke.life\/wp-content\/uploads\/2022\/11\/qtq80-apysbr-1024x683.jpeg 1024w, https:\/\/vibeke.life\/wp-content\/uploads\/2022\/11\/qtq80-apysbr-300x200.jpeg 300w, https:\/\/vibeke.life\/wp-content\/uploads\/2022\/11\/qtq80-apysbr-768x512.jpeg 768w, https:\/\/vibeke.life\/wp-content\/uploads\/2022\/11\/qtq80-apysbr.jpeg 1254w\" data-sizes=\"(max-width: 1024px) 100vw, 1024px\" src=\"data:image\/svg+xml;base64,PHN2ZyB3aWR0aD0iMSIgaGVpZ2h0PSIxIiB4bWxucz0iaHR0cDovL3d3dy53My5vcmcvMjAwMC9zdmciPjwvc3ZnPg==\" style=\"--smush-placeholder-width: 1024px; --smush-placeholder-aspect-ratio: 1024\/683;\" \/><\/a><\/figure>\n\n\n\n<h2 class=\"wp-block-heading\" style=\"font-size:30px\"><strong><a href=\"https:\/\/vibeke.life\/fr\/inner-peace-confidence\/\">Paix int\u00e9rieure et confiance en soi<\/a><\/strong><\/h2>\n\n\n\n<hr class=\"wp-block-separator has-alpha-channel-opacity is-style-wide is-style-default\"\/>\n\n\n\n<p>\u2714 D\u00e9velopper un \u00e9tat d\u2019esprit gagnant<br \/>\u2714 Retrouver votre paix int\u00e9rieure<br \/>\u2714 D\u00e9couvrir la version assur\u00e9e de vous-m\u00eame<\/p>\n\n\n\n<div class=\"wp-block-buttons is-content-justification-left is-layout-flex wp-container-core-buttons-is-layout-fdcfc74e wp-block-buttons-is-layout-flex\">\n<div class=\"wp-block-button aligncenter is-style-outline is-style-outline--2\"><a class=\"wp-block-button__link wp-element-button\" href=\"https:\/\/vibeke.life\/fr\/inner-peace-confidence\/\"> En savoir plus...<\/a><\/div>\n<\/div>\n<\/div>\n\n\n\n<div class=\"wp-block-column has-red-background-color has-background is-layout-flow wp-block-column-is-layout-flow\" style=\"padding-top:var(--wp--preset--spacing--50);padding-right:var(--wp--preset--spacing--50);padding-bottom:var(--wp--preset--spacing--50);padding-left:var(--wp--preset--spacing--50)\">\n<figure class=\"wp-block-image size-large\"><a href=\"https:\/\/vibeke.life\/fr\/get-crystal-clear\/\"><img decoding=\"async\" width=\"1024\" height=\"678\" data-src=\"https:\/\/vibeke.life\/wp-content\/uploads\/2022\/12\/qtq80-050Xgu-1024x678.jpeg\" alt=\"Find Clarity, Get Crystal Clear\" class=\"wp-image-531 lazyload\" data-srcset=\"https:\/\/vibeke.life\/wp-content\/uploads\/2022\/12\/qtq80-050Xgu-1024x678.jpeg 1024w, https:\/\/vibeke.life\/wp-content\/uploads\/2022\/12\/qtq80-050Xgu-300x199.jpeg 300w, https:\/\/vibeke.life\/wp-content\/uploads\/2022\/12\/qtq80-050Xgu-768x509.jpeg 768w, https:\/\/vibeke.life\/wp-content\/uploads\/2022\/12\/qtq80-050Xgu-1536x1017.jpeg 1536w, https:\/\/vibeke.life\/wp-content\/uploads\/2022\/12\/qtq80-050Xgu-2048x1357.jpeg 2048w\" data-sizes=\"(max-width: 1024px) 100vw, 1024px\" src=\"data:image\/svg+xml;base64,PHN2ZyB3aWR0aD0iMSIgaGVpZ2h0PSIxIiB4bWxucz0iaHR0cDovL3d3dy53My5vcmcvMjAwMC9zdmciPjwvc3ZnPg==\" style=\"--smush-placeholder-width: 1024px; --smush-placeholder-aspect-ratio: 1024\/678;\" \/><\/a><\/figure>\n\n\n\n<h2 class=\"wp-block-heading\" style=\"font-size:30px\"><strong><a href=\"https:\/\/vibeke.life\/fr\/get-crystal-clear\/\">\u00c9claircissez votre vision<\/a><\/strong><\/h2>\n\n\n\n<hr class=\"wp-block-separator has-alpha-channel-opacity is-style-wide is-style-default\"\/>\n\n\n\n<p>\u2714 Identifiez vos vrais d\u00e9sirs<br \/>\u2714 Cr\u00e9ez un plan d\u2019action facile \u00e0 suivre<br \/>\u2714 Atteignez vos objectifs<\/p>\n\n\n\n<div class=\"wp-block-buttons is-content-justification-left is-layout-flex wp-container-core-buttons-is-layout-fdcfc74e wp-block-buttons-is-layout-flex\">\n<div class=\"wp-block-button aligncenter is-style-outline is-style-outline--3\"><a class=\"wp-block-button__link wp-element-button\" href=\"https:\/\/vibeke.life\/fr\/get-crystal-clear\/\">En savoir plus...<\/a><\/div>\n<\/div>\n<\/div>\n<\/div>\n\n\n\n<h2 class=\"wp-block-heading has-text-align-center\">Votre premi\u00e8re consultation est offerte<\/h2>\n\n\n\n<div class=\"wp-block-buttons is-layout-flex wp-block-buttons-is-layout-flex\">\n<div class=\"wp-block-button aligncenter\"><a class=\"wp-block-button__link wp-element-button\" href=\"https:\/\/vibeke.life\/fr\/free-consultation\/\">Prenez rendez-vous d\u00e8s aujourd'hui<\/a><\/div>\n<\/div>","protected":false},"excerpt":{"rendered":"<p>Shift Your Career \u2714 Discover Your Calling\u2714 Attract Your Ideal Job\u2714 Successfully Change Careers Inner Peace &amp; Confidence \u2714 Cultivate a Winning Mindset\u2714 Reclaim Your Inner Peace\u2714 Uncover Your Most Confident Self Get Crystal Clear \u2714 Identify Your True Desires\u2714 Create an Easy-to-Follow Action Plan\u2714 Achieve Your Goals with Confidence Your first consultation is on&#8230;<\/p>","protected":false},"author":1,"featured_media":0,"parent":0,"menu_order":0,"comment_status":"closed","ping_status":"closed","template":"","meta":{"content-type":"","inline_featured_image":false,"_kad_post_transparent":"","_kad_post_title":"","_kad_post_layout":"fullwidth","_kad_post_sidebar_id":"","_kad_post_content_style":"","_kad_post_vertical_padding":"","_kad_post_feature":"","_kad_post_feature_position":"","_kad_post_header":false,"_kad_post_footer":false,"_kad_post_classname":"","footnotes":""},"class_list":["post-252","page","type-page","status-publish","hentry"],"_links":{"self":[{"href":"https:\/\/vibeke.life\/fr\/wp-json\/wp\/v2\/pages\/252","targetHints":{"allow":["GET"]}}],"collection":[{"href":"https:\/\/vibeke.life\/fr\/wp-json\/wp\/v2\/pages"}],"about":[{"href":"https:\/\/vibeke.life\/fr\/wp-json\/wp\/v2\/types\/page"}],"author":[{"embeddable":true,"href":"https:\/\/vibeke.life\/fr\/wp-json\/wp\/v2\/users\/1"}],"replies":[{"embeddable":true,"href":"https:\/\/vibeke.life\/fr\/wp-json\/wp\/v2\/comments?post=252"}],"version-history":[{"count":24,"href":"https:\/\/vibeke.life\/fr\/wp-json\/wp\/v2\/pages\/252\/revisions"}],"predecessor-version":[{"id":1375,"href":"https:\/\/vibeke.life\/fr\/wp-json\/wp\/v2\/pages\/252\/revisions\/1375"}],"wp:attachment":[{"href":"https:\/\/vibeke.life\/fr\/wp-json\/wp\/v2\/media?parent=252"}],"curies":[{"name":"wp","href":"https:\/\/api.w.org\/{rel}","templated":true}]}}