{"id":249,"date":"2022-11-25T12:36:18","date_gmt":"2022-11-25T17:36:18","guid":{"rendered":"https:\/\/vibeke.life\/disclaimer\/"},"modified":"2023-08-29T08:32:10","modified_gmt":"2023-08-29T13:32:10","slug":"disclaimer","status":"publish","type":"page","link":"https:\/\/vibeke.life\/fr\/disclaimer\/","title":{"rendered":"Avertissement"},"content":{"rendered":"<p>Les informations contenues sur ce site web sont fournies \u00e0 titre d'information g\u00e9n\u00e9rale uniquement. Les informations sont fournies par <i>Vibeke Pedersen, Life Coach<\/i> et, bien que nous nous efforcions de maintenir les informations \u00e0 jour et correctes, nous ne faisons aucune repr\u00e9sentation ni garantie de quelque nature que ce soit, expresse ou implicite, quant \u00e0 l'exhaustivit\u00e9, l'exactitude, la fiabilit\u00e9, la pertinence ou la disponibilit\u00e9 concernant le site web ou les informations, produits, services ou graphiques connexes contenus sur le site web \u00e0 quelque fin que ce soit. Toute confiance que vous placez dans de telles informations est donc strictement \u00e0 vos propres risques.<\/p><p>En aucun cas, nous ne serons responsables de toute perte ou dommage, y compris, sans limitation, les pertes ou dommages indirects ou cons\u00e9cutifs, ou toute perte ou dommage quel qu'il soit r\u00e9sultant de la perte de donn\u00e9es ou de profits d\u00e9coulant de, ou en relation avec, l'utilisation de ce site web.<\/p><p>\u00c0 travers ce site web, vous pouvez cr\u00e9er des liens vers d'autres sites web qui ne sont pas sous le contr\u00f4le de Vibeke Pedersen Life Coach. Nous n'avons aucun contr\u00f4le sur la nature, le contenu et la disponibilit\u00e9 de ces sites. L'inclusion de tout lien n'implique pas n\u00e9cessairement une recommandation ou une approbation des vues exprim\u00e9es dans ceux-ci. <i>Vibeke Pedersen, Life Coach<\/i>. We have no control over the nature, content and availability of those sites. The inclusion of any links does not necessarily imply a recommendation or endorse the views expressed within them.<\/p><p>Tous les efforts sont faits pour maintenir le site web en bon \u00e9tat de fonctionnement. Cependant, <i>Vibeke Pedersen, Life Coach<\/i> n'assume aucune responsabilit\u00e9 et ne sera pas tenue responsable de l'indisponibilit\u00e9 temporaire du site web en raison de probl\u00e8mes techniques \u00e9chappant \u00e0 notre contr\u00f4le.<\/p>","protected":false},"excerpt":{"rendered":"<p>The information contained in this website is for general information purposes only. The information is provided by Vibeke Pedersen, Life Coach and while we endeavour to keep the information up to date and correct, we make no representations or warranties of any kind, express or implied, about the completeness, accuracy, reliability, suitability or availability with&#8230;<\/p>","protected":false},"author":1,"featured_media":0,"parent":0,"menu_order":0,"comment_status":"closed","ping_status":"closed","template":"","meta":{"content-type":"","inline_featured_image":false,"_kad_post_transparent":"","_kad_post_title":"","_kad_post_layout":"","_kad_post_sidebar_id":"","_kad_post_content_style":"unboxed","_kad_post_vertical_padding":"","_kad_post_feature":"","_kad_post_feature_position":"","_kad_post_header":true,"_kad_post_footer":false,"_kad_post_classname":"","footnotes":""},"class_list":["post-249","page","type-page","status-publish","hentry"],"_links":{"self":[{"href":"https:\/\/vibeke.life\/fr\/wp-json\/wp\/v2\/pages\/249","targetHints":{"allow":["GET"]}}],"collection":[{"href":"https:\/\/vibeke.life\/fr\/wp-json\/wp\/v2\/pages"}],"about":[{"href":"https:\/\/vibeke.life\/fr\/wp-json\/wp\/v2\/types\/page"}],"author":[{"embeddable":true,"href":"https:\/\/vibeke.life\/fr\/wp-json\/wp\/v2\/users\/1"}],"replies":[{"embeddable":true,"href":"https:\/\/vibeke.life\/fr\/wp-json\/wp\/v2\/comments?post=249"}],"version-history":[{"count":1,"href":"https:\/\/vibeke.life\/fr\/wp-json\/wp\/v2\/pages\/249\/revisions"}],"predecessor-version":[{"id":254,"href":"https:\/\/vibeke.life\/fr\/wp-json\/wp\/v2\/pages\/249\/revisions\/254"}],"wp:attachment":[{"href":"https:\/\/vibeke.life\/fr\/wp-json\/wp\/v2\/media?parent=249"}],"curies":[{"name":"wp","href":"https:\/\/api.w.org\/{rel}","templated":true}]}}